{"id":4790,"date":"2021-05-12T18:26:26","date_gmt":"2021-05-12T16:26:26","guid":{"rendered":"https:\/\/one-pixel-3d.com\/opciones\/"},"modified":"2021-05-19T14:12:46","modified_gmt":"2021-05-19T12:12:46","slug":"opciones","status":"publish","type":"page","link":"https:\/\/one-pixel-3d.com\/es\/opciones\/","title":{"rendered":"Opciones"},"content":{"rendered":"<p>[et_pb_section fb_built=\u00bb1&#8243; fullwidth=\u00bbon\u00bb admin_label=\u00bbHero Section\u00bb _builder_version=\u00bb4.9.4&#8243; background_color=\u00bbRGBA(0,0,0,0)\u00bb background_image=\u00bbhttps:\/\/one-pixel-3d.com\/wp-content\/uploads\/2021\/05\/pano-fuerte-scaled.jpg\u00bb background_enable_video_mp4=\u00bboff\u00bb custom_padding=\u00bb||0px|||\u00bb hover_enabled=\u00bb0&#8243; locked=\u00bboff\u00bb sticky_enabled=\u00bb0&#8243;][et_pb_fullwidth_header title=\u00bbOpciones y Complementos\u00bb content_max_width=\u00bb900px\u00bb _builder_version=\u00bb4.9.4&#8243; title_font=\u00bbRaleway|700|||||||\u00bb title_font_size=\u00bb80px\u00bb title_line_height=\u00bb1.4em\u00bb content_font=\u00bbPoppins||||||||\u00bb content_font_size=\u00bb16px\u00bb content_line_height=\u00bb1.8em\u00bb subhead_font=\u00bbPoppins|600||on|||||\u00bb subhead_letter_spacing=\u00bb4px\u00bb subhead_line_height=\u00bb1.8em\u00bb background_color=\u00bbrgba(196,196,196,0)\u00bb use_background_color_gradient=\u00bbon\u00bb background_color_gradient_start=\u00bbrgba(186,186,186,0)\u00bb background_color_gradient_end=\u00bbrgba(255,255,255,0)\u00bb background_color_gradient_direction=\u00bb64deg\u00bb background_color_gradient_start_position=\u00bb18%\u00bb background_color_gradient_end_position=\u00bb79%\u00bb background_color_gradient_overlays_image=\u00bbon\u00bb custom_button_one=\u00bbon\u00bb button_one_text_size=\u00bb14px\u00bb button_one_bg_color=\u00bb#29cb8b\u00bb button_one_border_width=\u00bb12px\u00bb button_one_border_color=\u00bb#29cb8b\u00bb button_one_letter_spacing=\u00bb2px\u00bb button_one_font=\u00bbPoppins|600||on|||||\u00bb button_one_icon=\u00bb%%3%%\u00bb custom_button_two=\u00bbon\u00bb button_two_text_size=\u00bb14px\u00bb button_two_text_color=\u00bb#29cb8b\u00bb button_two_bg_color=\u00bb#ffffff\u00bb button_two_border_width=\u00bb12px\u00bb button_two_border_color=\u00bb#ffffff\u00bb button_two_letter_spacing=\u00bb2px\u00bb button_two_font=\u00bbPoppins|600||on|||||\u00bb button_two_icon=\u00bb%%3%%\u00bb min_height=\u00bb773px\u00bb custom_margin=\u00bb||30px|||\u00bb custom_padding=\u00bb0px||0px||true|\u00bb filter_brightness=\u00bb110%\u00bb hover_enabled=\u00bb0&#8243; title_font_size_tablet=\u00bb40px\u00bb title_font_size_phone=\u00bb30px\u00bb title_font_size_last_edited=\u00bbon|desktop\u00bb content_font_size_last_edited=\u00bboff|desktop\u00bb subhead_font_size_tablet=\u00bb40px\u00bb subhead_font_size_phone=\u00bb30px\u00bb subhead_font_size_last_edited=\u00bboff|desktop\u00bb text_shadow_style=\u00bbpreset3&#8243; text_shadow_horizontal_length=\u00bb-0.1em\u00bb text_shadow_vertical_length=\u00bb0.24em\u00bb text_shadow_blur_strength=\u00bb0.58em\u00bb text_shadow_color=\u00bbrgba(0,0,0,0.67)\u00bb button_one_letter_spacing_hover=\u00bb2px\u00bb button_two_letter_spacing_hover=\u00bb2px\u00bb button_one_text_size__hover_enabled=\u00bboff\u00bb button_two_text_size__hover_enabled=\u00bboff\u00bb button_one_text_color__hover_enabled=\u00bboff\u00bb button_two_text_color__hover_enabled=\u00bboff\u00bb button_one_border_width__hover_enabled=\u00bboff\u00bb button_two_border_width__hover_enabled=\u00bboff\u00bb button_one_border_color__hover_enabled=\u00bboff\u00bb button_two_border_color__hover_enabled=\u00bboff\u00bb button_one_border_radius__hover_enabled=\u00bboff\u00bb button_two_border_radius__hover_enabled=\u00bboff\u00bb button_one_letter_spacing__hover_enabled=\u00bbon\u00bb button_one_letter_spacing__hover=\u00bb2px\u00bb button_two_letter_spacing__hover_enabled=\u00bbon\u00bb button_two_letter_spacing__hover=\u00bb2px\u00bb button_one_bg_color__hover_enabled=\u00bboff\u00bb button_two_bg_color__hover_enabled=\u00bboff\u00bb sticky_enabled=\u00bb0&#8243;][\/et_pb_fullwidth_header][\/et_pb_section][et_pb_section fb_built=\u00bb1&#8243; custom_padding_last_edited=\u00bboff|desktop\u00bb admin_label=\u00bbAbout Section\u00bb _builder_version=\u00bb4.9.4&#8243; background_color=\u00bbrgba(0,0,0,0)\u00bb module_alignment=\u00bbright\u00bb custom_padding=\u00bb0px||0px||true|false\u00bb custom_padding_tablet=\u00bb||120px|\u00bb][et_pb_row column_structure=\u00bb2_3,1_3&#8243; _builder_version=\u00bb4.4.6&#8243; custom_margin=\u00bb||||false|false\u00bb custom_padding=\u00bb30px||||false|false\u00bb][et_pb_column type=\u00bb2_3&#8243; _builder_version=\u00bb3.25&#8243; custom_padding=\u00bb|||\u00bb custom_padding__hover=\u00bb|||\u00bb][et_pb_text ul_type=\u00bbcircle\u00bb module_id=\u00bbmaps\u00bb _builder_version=\u00bb4.4.6&#8243; text_font=\u00bbPoppins||||||||\u00bb text_font_size=\u00bb16px\u00bb text_line_height=\u00bb2em\u00bb ul_font=\u00bbPoppins||||||||\u00bb ul_line_height=\u00bb2em\u00bb header_font=\u00bb||||||||\u00bb header_3_font=\u00bbRaleway|700|||||||\u00bb header_3_font_size=\u00bb24px\u00bb header_3_line_height=\u00bb1.4em\u00bb header_4_font=\u00bb|700|||||||\u00bb header_4_font_size=\u00bb16px\u00bb header_4_line_height=\u00bb1.4em\u00bb max_width=\u00bb750px\u00bb custom_margin=\u00bb||50px|\u00bb]<\/p>\n<h4># GOOGLE MAPS\u00a0 \u00a0<a href=\"https:\/\/one-pixel-3d.com\/es\/google-maps-new11\/?lang=es\"><img loading=\"lazy\" decoding=\"async\" class=\"wp-image-2921 alignnone size-full\" src=\"https:\/\/one-pixel-3d.com\/wp-content\/uploads\/2020\/05\/google-maps-new11.png\" alt=\"\" width=\"49\" height=\"70\" \/><\/a><\/h4>\n<p>Actualizamos su ficha de empresa de Google mediante la publicaci\u00f3n en Street View y Google Maps. Sus clientes recordar\u00e1n su negocio m\u00e1s f\u00e1cilmente despu\u00e9s de ver panor\u00e1micas envolventes de 360 \u200b\u200b\u00b0 en un recorrido virtual en los resultados de b\u00fasqueda de Google. Tu presencia en l\u00ednea comienza aqu\u00ed.<\/p>\n<p>Las empresas con un recorrido virtual de Google son:<\/p>\n<p>48% m\u00e1s atractivo al seleccionar de la lista de favoritos de los usuarios de Internet<br \/>60% m\u00e1s compartido que empresas que no ofrecen tour virtual<br \/>29% m\u00e1s f\u00e1cilmente recordado por los consumidores que planean comprar los bienes o servicios que comercializan<\/p>\n<p>[\/et_pb_text][et_pb_image src=\u00bbhttps:\/\/one-pixel-3d.com\/wp-content\/uploads\/2020\/05\/diapo3-1.jpg\u00bb title_text=\u00bbdiapo3&#8243; show_in_lightbox=\u00bbon\u00bb _builder_version=\u00bb4.4.6&#8243; custom_margin=\u00bb-17px||||false|false\u00bb][\/et_pb_image][et_pb_text ul_type=\u00bbcircle\u00bb module_id=\u00bbphoto2d\u00bb _builder_version=\u00bb4.4.6&#8243; text_font=\u00bbPoppins||||||||\u00bb text_font_size=\u00bb16px\u00bb text_line_height=\u00bb2em\u00bb ul_font=\u00bbPoppins||||||||\u00bb ul_line_height=\u00bb2em\u00bb header_font=\u00bb||||||||\u00bb header_3_font=\u00bbRaleway|700|||||||\u00bb header_3_font_size=\u00bb24px\u00bb header_3_line_height=\u00bb1.4em\u00bb header_4_font=\u00bb|700|||||||\u00bb header_4_font_size=\u00bb16px\u00bb header_4_line_height=\u00bb1.4em\u00bb max_width=\u00bb750px\u00bb custom_margin=\u00bb33px||29px||false|false\u00bb custom_padding=\u00bb63px|||||\u00bb]<\/p>\n<h4># PHOTO 2D PRO PACKSHOT<\/h4>\n<ul>\n<li>\n<p>las im\u00e1genes hablan por s\u00ed solas y cuentan tu historia. Los producimos de manera profesional e independiente y nos enfocamos en resaltar sus mejores prospectos.<\/p>\n<p>Se los entregamos libres de derechos y los integraremos si lo desea en su recorrido virtual y en su archivo de Google Maps.<\/p>\n<\/li>\n<\/ul>\n<p>[\/et_pb_text][et_pb_image src=\u00bbhttps:\/\/one-pixel-3d.com\/wp-content\/uploads\/2020\/05\/2020-05-05_00h00_13-1.png\u00bb title_text=\u00bb2020-05-05_00h00_13&#8243; align=\u00bbcenter\u00bb _builder_version=\u00bb4.4.6&#8243; width=\u00bb75%\u00bb max_width=\u00bb80%\u00bb min_height=\u00bb143px\u00bb height=\u00bb340px\u00bb custom_margin=\u00bb-34px||75px||false|false\u00bb custom_padding=\u00bb||0px|||\u00bb][\/et_pb_image][et_pb_text ul_type=\u00bbcircle\u00bb module_id=\u00bbplan2d\u00bb _builder_version=\u00bb4.4.6&#8243; text_font=\u00bbPoppins||||||||\u00bb text_font_size=\u00bb16px\u00bb text_line_height=\u00bb2em\u00bb ul_font=\u00bbPoppins||||||||\u00bb ul_line_height=\u00bb2em\u00bb header_font=\u00bb||||||||\u00bb header_3_font=\u00bbRaleway|700|||||||\u00bb header_3_font_size=\u00bb24px\u00bb header_3_line_height=\u00bb1.4em\u00bb header_4_font=\u00bb|700|||||||\u00bb header_4_font_size=\u00bb16px\u00bb header_4_line_height=\u00bb1.4em\u00bb max_width=\u00bb750px\u00bb min_height=\u00bb750px\u00bb custom_margin=\u00bb-13px||50px||false|false\u00bb custom_padding=\u00bb15px||0px|||\u00bb]<\/p>\n<h4># PLAN DE NIVEL 2D &#8230; Y M\u00c1S &#8230;<\/h4>\n<ul>\n<li>\n<p>Ya sea que su campo profesional sea arquitectura, ingenier\u00eda, construcci\u00f3n o bienes ra\u00edces, nuestras soluciones de escaneo 3D agilizan la documentaci\u00f3n y ayudan a reducir los costos y el tiempo invertido en visitas repetidas.<br \/>Una amplia gama de beneficios de capturar todo su sitio &#8230; tomados en vivo en fotograf\u00eda virtual 3D, capacidad de compartir esta visualizaci\u00f3n de forma remota con las partes interesadas y de forma remota, toma de decisiones acelerada para un proyecto de renovaci\u00f3n, mejora o actualizaci\u00f3n para cualquier tipo de instalaci\u00f3n.<br \/>La integraci\u00f3n de nuestros escaneos de modelado 3D en su proceso BIM puede ayudar a reducir los costos de construcci\u00f3n y dise\u00f1o virtual y ayudarlo a ganar m\u00e1s acuerdos.<\/p>\n<p>Proporcionamos los datos relevantes de la nube de puntos (archivo a OBJ) para compartir y renderizar f\u00e1cilmente en Revit\u00ae y otras herramientas BIM.<\/p>\n<p>Escanee \u00e1reas estrechas de 10 a 15 veces m\u00e1s r\u00e1pido que con un esc\u00e1ner LIDAR tradicional. La precisi\u00f3n de nuestros datos es del 99%.<\/p>\n<p>Superponga su nube de puntos en su modelo BIM para verificar y hacer referencias cruzadas de sus datos. <span style=\"font-size: 16px;\">Tome medidas en \u00e1reas de dif\u00edcil acceso, como tuber\u00edas, marcos y vigas de construcci\u00f3n.<\/span><\/p>\n<\/li>\n<\/ul>\n<p>[\/et_pb_text][et_pb_image src=\u00bbhttps:\/\/one-pixel-3d.com\/wp-content\/uploads\/2020\/05\/diapo9-e1588373545432.png\u00bb title_text=\u00bbdiapo9&#8243; show_in_lightbox=\u00bbon\u00bb _builder_version=\u00bb4.4.6&#8243; min_height=\u00bb271px\u00bb custom_margin=\u00bb-97px||||false|false\u00bb custom_padding=\u00bb34px|||||\u00bb][\/et_pb_image][et_pb_text ul_type=\u00bbcircle\u00bb module_id=\u00bbpoints\u00bb _builder_version=\u00bb4.4.6&#8243; text_font=\u00bbPoppins||||||||\u00bb text_font_size=\u00bb16px\u00bb text_line_height=\u00bb2em\u00bb ul_font=\u00bbPoppins||||||||\u00bb ul_line_height=\u00bb2em\u00bb header_font=\u00bb||||||||\u00bb header_3_font=\u00bbRaleway|700|||||||\u00bb header_3_font_size=\u00bb24px\u00bb header_3_line_height=\u00bb1.4em\u00bb header_4_font=\u00bb|700|||||||\u00bb header_4_font_size=\u00bb16px\u00bb header_4_line_height=\u00bb1.4em\u00bb max_width=\u00bb750px\u00bb custom_margin=\u00bb48px||50px||false|false\u00bb custom_padding=\u00bb33px|||||\u00bb]<\/p>\n<h4># PUNTOS INTERACTIVOS (HOTSPOTS)<\/h4>\n<ul>\n<li>\n<p>Durante la visita virtual posicionamos hotspots para resaltar las caracter\u00edsticas que definen sus \u00e1reas de recepci\u00f3n, \u00e1rea de ventas, taller, tienda, galer\u00eda &#8230;<br \/>Mostramos la diversidad de su oferta y lo que la hace especial y \u00fanica. Su marca, r\u00f3tulo, etiqueta y servicios o productos se valoran de inmediato.<br \/>Estos hotspots son interactivos y con un hover o un clic permiten agregar textos, im\u00e1genes, enlaces a un sitio en l\u00ednea, videos comerciales o explicativos, archivos de sonido &#8230;<\/p>\n<p>Refuerzas la relevancia de tu oferta y la visita a tu establecimiento se vuelve interactiva al informar a los consumidores mucho m\u00e1s all\u00e1 de una simple imagen.<\/p>\n<\/li>\n<\/ul>\n<p>[\/et_pb_text][et_pb_image src=\u00bbhttps:\/\/one-pixel-3d.com\/wp-content\/uploads\/2020\/05\/option-hotspot.jpg\u00bb title_text=\u00bboption-hotspot\u00bb show_in_lightbox=\u00bbon\u00bb _builder_version=\u00bb4.4.6&#8243; custom_margin=\u00bb-16px||18px||false|false\u00bb custom_padding=\u00bb||27px||false|false\u00bb][\/et_pb_image][et_pb_text ul_type=\u00bbcircle\u00bb module_id=\u00bbpano\u00bb _builder_version=\u00bb4.4.6&#8243; text_font=\u00bbPoppins||||||||\u00bb text_font_size=\u00bb16px\u00bb text_line_height=\u00bb2em\u00bb ul_font=\u00bbPoppins||||||||\u00bb ul_line_height=\u00bb2em\u00bb header_font=\u00bb||||||||\u00bb header_3_font=\u00bbRaleway|700|||||||\u00bb header_3_font_size=\u00bb24px\u00bb header_3_line_height=\u00bb1.4em\u00bb header_4_font=\u00bb|700|||||||\u00bb header_4_font_size=\u00bb16px\u00bb header_4_line_height=\u00bb1.4em\u00bb max_width=\u00bb750px\u00bb min_height=\u00bb396px\u00bb custom_margin=\u00bb50px||40px||false|false\u00bb custom_padding=\u00bb0px|||||\u00bb]<\/p>\n<h4>\u00a0<\/h4>\n<h4># UNA VISTA AREA PANORAMICA QUE SE LLEVA DENTRO DEL TOUR VIRTUAL DE SU NEGOCIO<\/h4>\n<ul>\n<li>Nuestro servicio de fotograf\u00eda a\u00e9rea le permite tomar fotograf\u00edas a\u00e9reas esf\u00e9ricas de 360 \u200b\u200b\u00b0 de una calidad excepcional y visualizar su establecimiento para luego iniciar la visita virtual gracias a hotspots en los que se puede hacer clic.<br \/>El men\u00fa a la derecha de la pantalla le da acceso a todos los puntos de navegaci\u00f3n del tour, los enlaces a su tour virtual 3D Matterport, enlaces externos y todo tipo de medios de imagen, video y sonido.<br \/>Al igual que los recorridos virtuales en tierra, asociamos las esferas a\u00e9reas entre s\u00ed y pasas de una a otra en el cielo haciendo clic en los hotspots que finalmente te llevar\u00e1n al interior de tu establecimiento.<br \/>\u00a1Efecto WOW! garantizado, una gran manera de destacar y posicionarse en la memoria de sus futuros clientes.<\/li>\n<\/ul>\n<p>[\/et_pb_text][et_pb_image src=\u00bbhttps:\/\/one-pixel-3d.com\/wp-content\/uploads\/2020\/05\/vignette_EVENT.jpg\u00bb title_text=\u00bbvignette_EVENT\u00bb url=\u00bbhttp:\/\/virtual-tour.one-pixel.fr\/coupe-du-monde-de-ski-audi-courchevel\/\u00bb url_new_window=\u00bbon\u00bb _builder_version=\u00bb4.4.6&#8243; min_height=\u00bb320px\u00bb custom_margin=\u00bb-22px||||false|false\u00bb custom_padding=\u00bb||0px|||\u00bb][\/et_pb_image][et_pb_text ul_type=\u00bbcircle\u00bb module_id=\u00bbslideshow\u00bb _builder_version=\u00bb4.4.6&#8243; text_font=\u00bbPoppins||||||||\u00bb text_font_size=\u00bb16px\u00bb text_line_height=\u00bb2em\u00bb ul_font=\u00bbPoppins||||||||\u00bb ul_line_height=\u00bb2em\u00bb header_font=\u00bb||||||||\u00bb header_3_font=\u00bbRaleway|700|||||||\u00bb header_3_font_size=\u00bb24px\u00bb header_3_line_height=\u00bb1.4em\u00bb header_4_font=\u00bb|700|||||||\u00bb header_4_font_size=\u00bb16px\u00bb header_4_line_height=\u00bb1.4em\u00bb max_width=\u00bb750px\u00bb min_height=\u00bb367px\u00bb custom_margin=\u00bb77px||-10px||false|false\u00bb custom_padding=\u00bb4px||8px|||\u00bb]<\/p>\n<h4>\u00a0<\/h4>\n<h4>\u00a0<\/h4>\n<h4># SLIDESHOW 360<\/h4>\n<ul>\n<li>\n<p>Una presentaci\u00f3n de diapositivas 360 es un conjunto integrado de panoramas esf\u00e9ricos capturados durante nuestra sesi\u00f3n de fotos profesional.<br \/>Estas esferas est\u00e1n conectadas entre s\u00ed para editar su recorrido virtual.<br \/>La presentaci\u00f3n de diapositivas es, por lo tanto, la edici\u00f3n din\u00e1mica del recorrido virtual y se desarrolla como un video de 360 \u200b\u200b\u00b0 que publicamos y que puedes publicar a su vez y compartir en Facebook, Youtube o Vimeo.<\/p>\n<p>Es la herramienta ideal para publicar y compartir de forma inmediata en las redes sociales.<\/p>\n<\/li>\n<\/ul>\n<p>[\/et_pb_text][et_pb_code _builder_version=\u00bb4.4.6&#8243; min_height=\u00bb293px\u00bb]<iframe loading=\"lazy\" src=\"https:\/\/player.vimeo.com\/video\/276870729\" width=\"640\" height=\"274\" frameborder=\"0\" allow=\"autoplay; fullscreen; gyroscope; accelerometer\" allowfullscreen><\/iframe><!-- [et_pb_line_break_holder] -->[\/et_pb_code][et_pb_text ul_type=\u00bbcircle\u00bb module_id=\u00bbteaser3D\u00bb _builder_version=\u00bb4.4.6&#8243; text_font=\u00bbPoppins||||||||\u00bb text_font_size=\u00bb16px\u00bb text_line_height=\u00bb2em\u00bb ul_font=\u00bbPoppins||||||||\u00bb ul_line_height=\u00bb2em\u00bb header_font=\u00bb||||||||\u00bb header_3_font=\u00bbRaleway|700|||||||\u00bb header_3_font_size=\u00bb24px\u00bb header_3_line_height=\u00bb1.4em\u00bb header_4_font=\u00bb|700|||||||\u00bb header_4_font_size=\u00bb16px\u00bb header_4_line_height=\u00bb1.4em\u00bb max_width=\u00bb750px\u00bb min_height=\u00bb318px\u00bb custom_margin=\u00bb48px||-19px||false|false\u00bb custom_padding=\u00bb63px||4px|||\u00bb]<\/p>\n<h4># TEASER VIDEO 3D<\/h4>\n<ul>\n<li>Nuestro servicio de escaneo 3D Scan nos permite producir un video en modo de sobrevuelo o paseo virtual en su espacio. Elegimos los aspectos m\u00e1s destacados y los puntos importantes de su espacio escaneado y producimos una pel\u00edcula en la que su establecimiento es el protagonista.<br \/>Este producto es accesible desde su espacio escaneado, podemos editarlo y publicarlo en formato mp4 para que pueda compartirlo y verlo como mejor le parezca.<\/li>\n<\/ul>\n<p>[\/et_pb_text][et_pb_text ul_type=\u00bbcircle\u00bb module_id=\u00bbpoints\u00bb _builder_version=\u00bb4.4.6&#8243; text_font=\u00bbPoppins||||||||\u00bb text_font_size=\u00bb16px\u00bb text_line_height=\u00bb2em\u00bb ul_font=\u00bbPoppins||||||||\u00bb ul_line_height=\u00bb2em\u00bb header_font=\u00bb||||||||\u00bb header_3_font=\u00bbRaleway|700|||||||\u00bb header_3_font_size=\u00bb24px\u00bb header_3_line_height=\u00bb1.4em\u00bb header_4_font=\u00bb|700|||||||\u00bb header_4_font_size=\u00bb16px\u00bb header_4_line_height=\u00bb1.4em\u00bb max_width=\u00bb750px\u00bb min_height=\u00bb462px\u00bb custom_margin=\u00bb16px||22px||false|false\u00bb custom_padding=\u00bb1px||||false|false\u00bb]<\/p>\n<h4><span style=\"font-size: 16px;\"><\/span><\/h4>\n<p><iframe loading=\"lazy\" src=\"https:\/\/player.vimeo.com\/video\/423277063\" width=\"640\" height=\"360\" frameborder=\"0\" allowfullscreen=\"allowfullscreen\"><\/iframe>[\/et_pb_text][\/et_pb_column][et_pb_column type=\u00bb1_3&#8243; _builder_version=\u00bb3.25&#8243; custom_padding=\u00bb|||\u00bb custom_padding__hover=\u00bb|||\u00bb][et_pb_button button_text=\u00bbLista de opciones\u00bb _builder_version=\u00bb4.4.4&#8243; custom_button=\u00bbon\u00bb button_text_size=\u00bb14px\u00bb button_bg_color=\u00bb#00fe21&#8243; button_border_width=\u00bb5px\u00bb button_border_color=\u00bb#00fe21&#8243; button_letter_spacing=\u00bb2px\u00bb button_font=\u00bbPoppins|600||on|||||\u00bb button_icon=\u00bb%%3%%\u00bb background_layout=\u00bbdark\u00bb animation_style=\u00bbslide\u00bb animation_direction=\u00bbtop\u00bb animation_intensity_slide=\u00bb20%\u00bb locked=\u00bboff\u00bb button_text_size__hover_enabled=\u00bboff\u00bb button_one_text_size__hover_enabled=\u00bboff\u00bb button_two_text_size__hover_enabled=\u00bboff\u00bb button_text_color__hover_enabled=\u00bboff\u00bb button_one_text_color__hover_enabled=\u00bboff\u00bb button_two_text_color__hover_enabled=\u00bboff\u00bb button_border_width__hover_enabled=\u00bboff\u00bb button_one_border_width__hover_enabled=\u00bboff\u00bb button_two_border_width__hover_enabled=\u00bboff\u00bb button_border_color__hover_enabled=\u00bboff\u00bb button_one_border_color__hover_enabled=\u00bboff\u00bb button_two_border_color__hover_enabled=\u00bboff\u00bb button_border_radius__hover_enabled=\u00bboff\u00bb button_one_border_radius__hover_enabled=\u00bboff\u00bb button_two_border_radius__hover_enabled=\u00bboff\u00bb button_letter_spacing__hover_enabled=\u00bboff\u00bb button_one_letter_spacing__hover_enabled=\u00bboff\u00bb button_two_letter_spacing__hover_enabled=\u00bboff\u00bb button_bg_color__hover_enabled=\u00bboff\u00bb button_one_bg_color__hover_enabled=\u00bboff\u00bb button_two_bg_color__hover_enabled=\u00bboff\u00bb][\/et_pb_button][et_pb_text _builder_version=\u00bb4.4.6&#8243; text_font=\u00bbPoppins||||||||\u00bb text_text_color=\u00bb#88f429&#8243; text_line_height=\u00bb1.4em\u00bb link_font=\u00bbPoppins|600||on|on|||rgba(0,0,0,0.13)|\u00bb link_text_color=\u00bb#27cb8b\u00bb link_font_size=\u00bb13px\u00bb link_letter_spacing=\u00bb2px\u00bb header_font=\u00bb||||||||\u00bb header_3_font=\u00bbRaleway|700|||||||\u00bb header_3_line_height=\u00bb1.6em\u00bb header_4_font=\u00bb||||||||\u00bb header_4_font_size=\u00bb16px\u00bb header_4_line_height=\u00bb1.4em\u00bb custom_margin=\u00bb|||\u00bb custom_padding=\u00bb|||\u00bb locked=\u00bboff\u00bb]<\/p>\n<h4><span style=\"color: #000000;\"><a style=\"color: #000000;\" href=\"#maps\">GOOGLE\u00a0<\/a><a style=\"color: #000000;\" href=\"#maps\">MAPS<\/a><\/span><\/h4>\n<p>[\/et_pb_text][et_pb_text _builder_version=\u00bb4.4.6&#8243; text_font=\u00bbPoppins||||||||\u00bb text_text_color=\u00bb#88f429&#8243; text_line_height=\u00bb1.4em\u00bb link_font=\u00bbPoppins|600||on|on|||rgba(0,0,0,0.13)|\u00bb link_text_color=\u00bb#27cb8b\u00bb link_font_size=\u00bb13px\u00bb link_letter_spacing=\u00bb2px\u00bb header_font=\u00bb||||||||\u00bb header_text_color=\u00bb#45f72a\u00bb header_3_font=\u00bbRaleway|700|||||||\u00bb header_3_line_height=\u00bb1.6em\u00bb header_4_font=\u00bb||||||||\u00bb header_4_font_size=\u00bb16px\u00bb header_4_line_height=\u00bb1.4em\u00bb custom_margin=\u00bb|||\u00bb custom_padding=\u00bb|||\u00bb locked=\u00bboff\u00bb]<\/p>\n<h4><a href=\"#photo2d\"><span style=\"color: #cc99ff;\"><\/span>PHOTO 2D PRO<\/a><\/h4>\n<p>[\/et_pb_text][et_pb_text _builder_version=\u00bb4.4.6&#8243; text_font=\u00bbPoppins||||||||\u00bb text_line_height=\u00bb1.4em\u00bb link_font=\u00bbPoppins|600||on|on|||rgba(0,0,0,0.13)|\u00bb link_text_color=\u00bb#27cb8b\u00bb link_font_size=\u00bb13px\u00bb link_letter_spacing=\u00bb2px\u00bb header_font=\u00bb||||||||\u00bb header_3_font=\u00bbRaleway|700|||||||\u00bb header_3_line_height=\u00bb1.6em\u00bb header_4_font=\u00bb||||||||\u00bb header_4_font_size=\u00bb16px\u00bb header_4_line_height=\u00bb1.4em\u00bb custom_margin=\u00bb|||\u00bb custom_padding=\u00bb|||\u00bb link_option_url=\u00bb#plan2d\u00bb locked=\u00bboff\u00bb]<\/p>\n<h4><a href=\"#plan2d\">PLAN 2D<\/a><\/h4>\n<p>[\/et_pb_text][et_pb_text _builder_version=\u00bb4.4.6&#8243; text_font=\u00bbPoppins||||||||\u00bb text_line_height=\u00bb1.4em\u00bb link_font=\u00bbPoppins|600||on|on|||rgba(0,0,0,0.13)|\u00bb link_text_color=\u00bb#27cb8b\u00bb link_font_size=\u00bb13px\u00bb link_letter_spacing=\u00bb2px\u00bb header_font=\u00bb||||||||\u00bb header_3_font=\u00bbRaleway|700|||||||\u00bb header_3_line_height=\u00bb1.6em\u00bb header_4_font=\u00bb||||||||\u00bb header_4_font_size=\u00bb16px\u00bb header_4_line_height=\u00bb1.4em\u00bb custom_margin=\u00bb|||\u00bb custom_padding=\u00bb|||\u00bb locked=\u00bboff\u00bb]<\/p>\n<h4><span style=\"color: #00ff00;\"><a style=\"color: #00ff00;\" href=\"#points\">PUNTOS INTERACTIVOS (HOTSPOTS)<\/a><\/span><\/h4>\n<p>[\/et_pb_text][et_pb_text _builder_version=\u00bb4.4.6&#8243; text_font=\u00bbPoppins||||||||\u00bb text_line_height=\u00bb1.4em\u00bb link_font=\u00bbPoppins|600||on|on|||rgba(0,0,0,0.13)|\u00bb link_text_color=\u00bb#27cb8b\u00bb link_font_size=\u00bb13px\u00bb link_letter_spacing=\u00bb2px\u00bb header_font=\u00bb||||||||\u00bb header_3_font=\u00bbRaleway|700|||||||\u00bb header_3_line_height=\u00bb1.6em\u00bb header_4_font=\u00bb||||||||\u00bb header_4_font_size=\u00bb16px\u00bb header_4_line_height=\u00bb1.4em\u00bb custom_margin=\u00bb|||\u00bb custom_padding=\u00bb|||\u00bb locked=\u00bboff\u00bb]<\/p>\n<h4><a href=\"#slideshow\">SLIDESHOW 360<\/a><\/h4>\n<p>[\/et_pb_text][et_pb_text _builder_version=\u00bb4.4.6&#8243; text_font=\u00bbPoppins||||||||\u00bb text_text_color=\u00bb#8300e9&#8243; text_line_height=\u00bb1.4em\u00bb link_font=\u00bbPoppins|600||on|on|||rgba(0,0,0,0.13)|\u00bb link_text_color=\u00bb#27cb8b\u00bb link_font_size=\u00bb13px\u00bb link_letter_spacing=\u00bb2px\u00bb header_font=\u00bb||||||||\u00bb header_3_font=\u00bbRaleway|700|||||||\u00bb header_3_line_height=\u00bb1.6em\u00bb header_4_font=\u00bb||||||||\u00bb header_4_font_size=\u00bb16px\u00bb header_4_line_height=\u00bb1.4em\u00bb custom_margin=\u00bb|||\u00bb custom_padding=\u00bb|||0px||\u00bb link_option_url=\u00bb#pano\u00bb locked=\u00bboff\u00bb]<\/p>\n<h4><a href=\"#pano\">VUE <\/a><a href=\"#pano\">AERIENNE<\/a><span style=\"color: #00ff00;\"><a href=\"#pano\" style=\"color: #00ff00;\">\u00a0<\/a><span style=\"color: #000000;\"><a href=\"#pano\" style=\"color: #000000;\">panoramique<\/a><\/span><\/span><\/h4>\n<p>[\/et_pb_text][et_pb_text _builder_version=\u00bb4.4.6&#8243; text_font=\u00bbPoppins||||||||\u00bb text_line_height=\u00bb1.4em\u00bb link_font=\u00bbPoppins|600||on|on|||rgba(0,0,0,0.13)|\u00bb link_text_color=\u00bb#27cb8b\u00bb link_font_size=\u00bb13px\u00bb link_letter_spacing=\u00bb2px\u00bb header_font=\u00bb||||||||\u00bb header_3_font=\u00bbRaleway|700|||||||\u00bb header_3_line_height=\u00bb1.6em\u00bb header_4_font=\u00bb||||||||\u00bb header_4_font_size=\u00bb16px\u00bb header_4_line_height=\u00bb1.4em\u00bb custom_margin=\u00bb|||\u00bb custom_padding=\u00bb|||\u00bb link_option_url=\u00bb#teaser3D\u00bb locked=\u00bboff\u00bb]<\/p>\n<h4><span style=\"color: #000000;\"><a href=\"#teaser3D\" style=\"color: #000000;\">TEASER VIDEO 3D<\/a><\/span><\/h4>\n<p>[\/et_pb_text][\/et_pb_column][\/et_pb_row][\/et_pb_section]<\/p>\n","protected":false},"excerpt":{"rendered":"<p># GOOGLE MAPS\u00a0 \u00a0 Actualizamos su ficha de empresa de Google mediante la publicaci\u00f3n en Street View y Google Maps. Sus clientes recordar\u00e1n su negocio m\u00e1s f\u00e1cilmente despu\u00e9s de ver panor\u00e1micas envolventes de 360 \u200b\u200b\u00b0 en un recorrido virtual en los resultados de b\u00fasqueda de Google. Tu presencia en l\u00ednea comienza aqu\u00ed. Las empresas con [&hellip;]<\/p>\n","protected":false},"author":1,"featured_media":0,"parent":0,"menu_order":0,"comment_status":"closed","ping_status":"closed","template":"","meta":{"_et_pb_use_builder":"on","_et_pb_old_content":"","_et_gb_content_width":"","cybocfi_hide_featured_image":"","footnotes":""},"class_list":["post-4790","page","type-page","status-publish","hentry"],"_links":{"self":[{"href":"https:\/\/one-pixel-3d.com\/es\/wp-json\/wp\/v2\/pages\/4790","targetHints":{"allow":["GET"]}}],"collection":[{"href":"https:\/\/one-pixel-3d.com\/es\/wp-json\/wp\/v2\/pages"}],"about":[{"href":"https:\/\/one-pixel-3d.com\/es\/wp-json\/wp\/v2\/types\/page"}],"author":[{"embeddable":true,"href":"https:\/\/one-pixel-3d.com\/es\/wp-json\/wp\/v2\/users\/1"}],"replies":[{"embeddable":true,"href":"https:\/\/one-pixel-3d.com\/es\/wp-json\/wp\/v2\/comments?post=4790"}],"version-history":[{"count":9,"href":"https:\/\/one-pixel-3d.com\/es\/wp-json\/wp\/v2\/pages\/4790\/revisions"}],"predecessor-version":[{"id":5249,"href":"https:\/\/one-pixel-3d.com\/es\/wp-json\/wp\/v2\/pages\/4790\/revisions\/5249"}],"wp:attachment":[{"href":"https:\/\/one-pixel-3d.com\/es\/wp-json\/wp\/v2\/media?parent=4790"}],"curies":[{"name":"wp","href":"https:\/\/api.w.org\/{rel}","templated":true}]}}