{"id":4623,"date":"2021-05-12T13:56:54","date_gmt":"2021-05-12T11:56:54","guid":{"rendered":"https:\/\/one-pixel-3d.com\/quien-somos\/"},"modified":"2024-07-03T13:34:55","modified_gmt":"2024-07-03T11:34:55","slug":"quien-somos","status":"publish","type":"page","link":"https:\/\/one-pixel-3d.com\/es\/quien-somos\/","title":{"rendered":"Quienes somos"},"content":{"rendered":"<p>[et_pb_section fb_built=\u00bb1&#8243; fullwidth=\u00bbon\u00bb admin_label=\u00bbHero Section\u00bb _builder_version=\u00bb4.4.6&#8243; background_image=\u00bbhttps:\/\/one-pixel-3d.com\/wp-content\/uploads\/2020\/05\/2020-05-22_14h15_46.png\u00bb background_size=\u00bbinitial\u00bb background_position=\u00bbbottom_left\u00bb custom_padding=\u00bb|||\u00bb locked=\u00bboff\u00bb][et_pb_fullwidth_header title=\u00bb    Qui\u00e9nes somos\u00bb content_max_width=\u00bb900px\u00bb _builder_version=\u00bb4.9.4&#8243; title_font=\u00bbRaleway|700|||||||\u00bb title_font_size=\u00bb80px\u00bb title_line_height=\u00bb1.4em\u00bb content_font=\u00bbPoppins||||||||\u00bb content_font_size=\u00bb16px\u00bb content_line_height=\u00bb1.8em\u00bb subhead_font=\u00bbPoppins|600||on|||||\u00bb subhead_letter_spacing=\u00bb4px\u00bb subhead_line_height=\u00bb1.8em\u00bb background_color=\u00bb#000000&#8243; use_background_color_gradient=\u00bbon\u00bb background_color_gradient_start=\u00bb#000000&#8243; background_color_gradient_end=\u00bbrgba(255,255,255,0.71)\u00bb background_color_gradient_direction=\u00bb96deg\u00bb background_color_gradient_start_position=\u00bb17%\u00bb background_color_gradient_end_position=\u00bb98%\u00bb background_color_gradient_overlays_image=\u00bbon\u00bb custom_button_one=\u00bbon\u00bb button_one_text_size=\u00bb14px\u00bb button_one_bg_color=\u00bb#29cb8b\u00bb button_one_border_width=\u00bb12px\u00bb button_one_border_color=\u00bb#29cb8b\u00bb button_one_letter_spacing=\u00bb2px\u00bb button_one_font=\u00bbPoppins|600||on|||||\u00bb button_one_icon=\u00bb%%3%%\u00bb custom_button_two=\u00bbon\u00bb button_two_text_size=\u00bb14px\u00bb button_two_text_color=\u00bb#29cb8b\u00bb button_two_bg_color=\u00bb#ffffff\u00bb button_two_border_width=\u00bb12px\u00bb button_two_border_color=\u00bb#ffffff\u00bb button_two_letter_spacing=\u00bb2px\u00bb button_two_font=\u00bbPoppins|600||on|||||\u00bb button_two_icon=\u00bb%%3%%\u00bb min_height=\u00bb197px\u00bb custom_padding=\u00bb14px||14px||true|\u00bb title_font_size_tablet=\u00bb40px\u00bb title_font_size_phone=\u00bb30px\u00bb title_font_size_last_edited=\u00bbon|desktop\u00bb content_font_size_last_edited=\u00bboff|desktop\u00bb subhead_font_size_tablet=\u00bb40px\u00bb subhead_font_size_phone=\u00bb30px\u00bb subhead_font_size_last_edited=\u00bboff|desktop\u00bb text_shadow_style=\u00bbpreset3&#8243; text_shadow_horizontal_length=\u00bb-0.1em\u00bb text_shadow_vertical_length=\u00bb0.24em\u00bb text_shadow_blur_strength=\u00bb0.58em\u00bb text_shadow_color=\u00bbrgba(0,0,0,0.67)\u00bb button_one_letter_spacing_hover=\u00bb2px\u00bb button_two_letter_spacing_hover=\u00bb2px\u00bb button_one_text_size__hover_enabled=\u00bboff\u00bb button_two_text_size__hover_enabled=\u00bboff\u00bb button_one_text_color__hover_enabled=\u00bboff\u00bb button_two_text_color__hover_enabled=\u00bboff\u00bb button_one_border_width__hover_enabled=\u00bboff\u00bb button_two_border_width__hover_enabled=\u00bboff\u00bb button_one_border_color__hover_enabled=\u00bboff\u00bb button_two_border_color__hover_enabled=\u00bboff\u00bb button_one_border_radius__hover_enabled=\u00bboff\u00bb button_two_border_radius__hover_enabled=\u00bboff\u00bb button_one_letter_spacing__hover_enabled=\u00bbon\u00bb button_one_letter_spacing__hover=\u00bb2px\u00bb button_two_letter_spacing__hover_enabled=\u00bbon\u00bb button_two_letter_spacing__hover=\u00bb2px\u00bb button_one_bg_color__hover_enabled=\u00bboff\u00bb button_two_bg_color__hover_enabled=\u00bboff\u00bb][\/et_pb_fullwidth_header][\/et_pb_section][et_pb_section fb_built=\u00bb1&#8243; _builder_version=\u00bb3.22&#8243; min_height=\u00bb1992.4px\u00bb custom_margin=\u00bb-38px||-41px|||\u00bb custom_padding=\u00bb21px|0px|14px|0px|false|false\u00bb locked=\u00bboff\u00bb][et_pb_row column_structure=\u00bb1_3,2_3&#8243; _builder_version=\u00bb4.4.6&#8243; width=\u00bb86%\u00bb min_height=\u00bb1061.8px\u00bb custom_margin=\u00bb-84px|auto||auto|false|false\u00bb custom_padding=\u00bb74px|0px||0px|false|false\u00bb][et_pb_column type=\u00bb1_3&#8243; _builder_version=\u00bb3.25&#8243; custom_padding=\u00bb|||\u00bb custom_padding__hover=\u00bb|||\u00bb][et_pb_code _builder_version=\u00bb4.9.4&#8243; _module_preset=\u00bbdefault\u00bb transform_scale=\u00bb94%|94%\u00bb]<!-- ipanorama begin --><div class=\"ipanorama ipnrm-1\" data-json-src=\"https:\/\/one-pixel-3d.com\/es\/wp-json\/ipanorama\/v1\/item\/1\" data-item-id=\"1\" style=\"display:none;\"><div class=\"ipnrm-store\" style=\"display:none;\">\n<div class=\"ipnrm-scene\" data-scene-id=\"B69D541B9F\">\n<div class=\"ipnrm-markers-data\">\n<\/div>\n<div class=\"ipnrm-tooltips-data\">\n<\/div>\n<div class=\"ipnrm-popovers-data\">\n<\/div>\n<\/div>\n<\/div><\/div><!-- ipanorama end -->[\/et_pb_code][\/et_pb_column][et_pb_column type=\u00bb2_3&#8243; _builder_version=\u00bb3.25&#8243; custom_padding=\u00bb||40px|\u00bb custom_padding__hover=\u00bb|||\u00bb][et_pb_text _builder_version=\u00bb4.9.4&#8243; header_font=\u00bb||||||||\u00bb header_2_font=\u00bbRaleway|700|||||||\u00bb header_2_font_size=\u00bb56px\u00bb header_2_line_height=\u00bb1.2em\u00bb width=\u00bb100%\u00bb min_height=\u00bb371px\u00bb custom_margin=\u00bb5px||-70px|1px||\u00bb custom_padding=\u00bb32px||0px|0px||\u00bb header_2_font_size_tablet=\u00bb36px\u00bb header_2_font_size_phone=\u00bb\u00bb header_2_font_size_last_edited=\u00bbon|desktop\u00bb]<\/p>\n<h2>Una agencia digital dedicada al tour virtual 360\u00b0 en 3D con su marca<\/h2>\n<p>&nbsp;<\/p>\n<p>[\/et_pb_text][et_pb_divider color=\u00bb#29cb8b\u00bb divider_weight=\u00bb3px\u00bb _builder_version=\u00bb3.2&#8243; max_width=\u00bb50px\u00bb][\/et_pb_divider][et_pb_text _builder_version=\u00bb3.27.4&#8243; text_font=\u00bbPoppins||||||||\u00bb text_font_size=\u00bb16px\u00bb text_line_height=\u00bb1.8em\u00bb link_font=\u00bbPoppins|600||on|on|||rgba(0,0,0,0.13)|\u00bb link_text_color=\u00bb#27cb8b\u00bb link_font_size=\u00bb13px\u00bb link_letter_spacing=\u00bb2px\u00bb header_font=\u00bb||||||||\u00bb header_3_font=\u00bbRaleway|700|||||||\u00bb header_3_line_height=\u00bb1.6em\u00bb min_height=\u00bb94px\u00bb custom_margin=\u00bb-16px||26px|-365px||\u00bb custom_padding=\u00bb8px|6px|13px|0px||\u00bb locked=\u00bboff\u00bb]<\/p>\n<p>One Pixel es la agencia especializada en la realizaci\u00f3n de recorridos virtuales inmersivos. Acreditados por Google desde 2017 como fot\u00f3grafos certificados, comenzamos produciendo los recorridos virtuales de Google Street View que publicamos regularmente para nuestros clientes en su lista de empresas de Google Maps, el directorio de empresas m\u00e1s grande del mundo. Socios del programa Scan 3D Matterport desde 2018, nuestro objetivo es digitalizar sus espacios profesionales, privados o p\u00fablicos, para aumentar su notoriedad al compartir su gemelo digital 3D con un solo clic en su tel\u00e9fono inteligente, tableta o PC.<\/p>\n<p>[\/et_pb_text][\/et_pb_column][\/et_pb_row][et_pb_row column_structure=\u00bb2_3,1_3&#8243; _builder_version=\u00bb4.4.6&#8243; background_color=\u00bbrgba(0,0,0,0.05)\u00bb min_height=\u00bb1271.7px\u00bb custom_margin=\u00bb-428px|auto|32px|auto||\u00bb custom_padding=\u00bb||100px|||\u00bb][et_pb_column type=\u00bb2_3&#8243; _builder_version=\u00bb4.4.6&#8243;][et_pb_text ul_type=\u00bbcircle\u00bb content_tablet=\u00bb\u00bb content_phone=\u00bb\u00bb content_last_edited=\u00bbon|desktop\u00bb _builder_version=\u00bb4.4.6&#8243; text_font=\u00bbPoppins||||||||\u00bb text_font_size=\u00bb16px\u00bb text_line_height=\u00bb2em\u00bb ul_font=\u00bbPoppins||||||||\u00bb ul_line_height=\u00bb2em\u00bb header_font=\u00bb||||||||\u00bb header_3_font=\u00bbRaleway|700|||||||\u00bb header_3_font_size=\u00bb24px\u00bb header_3_line_height=\u00bb1.4em\u00bb header_4_font=\u00bb|700|||||||\u00bb header_4_font_size=\u00bb16px\u00bb header_4_line_height=\u00bb1.4em\u00bb max_width=\u00bb778px\u00bb min_height=\u00bb1055px\u00bb custom_margin=\u00bb|-218px|-268px||false|false\u00bb custom_padding=\u00bb47px|52px|0px|26px|false|false\u00bb]<\/p>\n<p>NUESTRO SABER HACER: TRANSPORTAR SU REALIDAD EN UN TOUR VIRTUAL 3D<\/p>\n<p>Somos \u00e1giles, apasionados y profesionales.<\/p>\n<p>&nbsp;<\/p>\n<p>15 a\u00f1os de experiencia en Comercio y Marketing me han llevado a ofrecerte mi experiencia para desarrollar tu visibilidad digital mostrando lo que te define como un establecimiento \u00fanico en tu sector de actividad.<\/p>\n<p>Aventurero, curioso, apasionado por la tecnolog\u00eda y la fotograf\u00eda desde hace mucho tiempo, autodidacta en muchos campos, despu\u00e9s de haber trabajado en los sectores del comercio internacional y el desarrollo de empresas francesas en el exterior, cre\u00e9 mi agencia digital especializada en dise\u00f1o de Tour Virtual 3D para proporcionar inmediatamente a nuestros clientes una vitrina excepcional, \u00fanica y fiel: \u00a1un gemelo digital tridimensional que exhibe volumen, productos y conocimientos t\u00e9cnicos! Esta tecnolog\u00eda me sedujo a primera vista por su eficacia y facilidad de uso.<\/p>\n<p>La idea de poder mostrar de forma remota la realidad visual de una empresa, una profesi\u00f3n, un servicio o un producto compartiendo experiencias de visitas virtuales inmersivas, interactivas y accesibles sin limitaci\u00f3n de distancia, tiempo o herramienta tecnol\u00f3gica compleja, representa el est\u00e1ndar del futuro de la comunicaci\u00f3n por imagen en muchos campos de actividad.<\/p>\n<p>Varios a\u00f1os de experiencia en esta \u00e1rea me han ense\u00f1ado que puede ser dif\u00edcil aumentar la notoriedad de una empresa, incluso si los productos, servicios y servicios que se ofrecen son relevantes y eficientes.\u00a0<\/p>\n<p>&nbsp;<\/p>\n<p><strong>Priorizar la experiencia de vuestros\u00a0 clientes :<\/strong><\/p>\n<p>Un valor clave para generar inter\u00e9s, generar ventas, llamadas y solicitudes. Muchas soluciones permiten enriquecer nuestros recorridos virtuales para que el suyo sea como ning\u00fan otro. Nuestras herramientas de an\u00e1lisis le permiten rastrear el tr\u00e1fico de sus visitantes virtuales y analizar sus puntos de inter\u00e9s. Nuestras herramientas y materiales est\u00e1n a la vanguardia de la tecnolog\u00eda de im\u00e1genes digitales. Nos permiten ofrecerle una experiencia de cliente \u00fanica, personalizada, interactiva e inmersiva para compartir con un solo clic o llevar su negocio con usted en 3D donde quiera que vaya.<\/p>\n<p>[\/et_pb_text][\/et_pb_column][et_pb_column type=\u00bb1_3&#8243; _builder_version=\u00bb4.4.6&#8243;][et_pb_image src=\u00bbhttps:\/\/one-pixel-3d.com\/wp-content\/uploads\/2021\/05\/one-pixel2-101.png\u00bb title_text=\u00bbone-pixel2 (101)\u00bb _builder_version=\u00bb4.9.4&#8243; background_color=\u00bbrgba(255,255,255,0)\u00bb custom_margin=\u00bb-51px|-6px|-345px|51px|false|false\u00bb custom_padding=\u00bb4px|0px|0px|3px|false|false\u00bb filter_saturate=\u00bb108%\u00bb filter_brightness=\u00bb133%\u00bb filter_contrast=\u00bb99%\u00bb filter_sepia=\u00bb7%\u00bb filter_opacity=\u00bb98%\u00bb animation_style=\u00bbfade\u00bb animation_duration=\u00bb1200ms\u00bb animation_delay=\u00bb400ms\u00bb hover_enabled=\u00bb0&#8243; sticky_enabled=\u00bb0&#8243;][\/et_pb_image][\/et_pb_column][\/et_pb_row][\/et_pb_section][et_pb_section fb_built=\u00bb1&#8243; custom_padding_last_edited=\u00bboff|desktop\u00bb admin_label=\u00bbInformation Section\u00bb _builder_version=\u00bb4.4.6&#8243; background_color=\u00bb#ffffff\u00bb max_width=\u00bb100%\u00bb module_alignment=\u00bbright\u00bb custom_margin=\u00bb-1px|||||\u00bb custom_padding=\u00bb1px||1px||true|false\u00bb custom_padding_tablet=\u00bb||120px|\u00bb][et_pb_row column_structure=\u00bb3_4,1_4&#8243; _builder_version=\u00bb3.25&#8243; custom_margin=\u00bb|auto|-2px|auto||\u00bb custom_padding=\u00bb2px||0px|||\u00bb animation_style=\u00bbslide\u00bb animation_direction=\u00bbright\u00bb animation_intensity_slide=\u00bb1%\u00bb locked=\u00bboff\u00bb][et_pb_column type=\u00bb3_4&#8243; _builder_version=\u00bb3.25&#8243; custom_padding=\u00bb|||\u00bb custom_padding__hover=\u00bb|||\u00bb][et_pb_text _builder_version=\u00bb4.9.1&#8243; text_font=\u00bb||||||||\u00bb header_font=\u00bb||||||||\u00bb header_2_font=\u00bbRaleway|700|||||||\u00bb header_2_font_size=\u00bb56px\u00bb header_2_line_height=\u00bb1.4em\u00bb min_height=\u00bb43px\u00bb custom_margin=\u00bb||20px|\u00bb header_2_font_size_tablet=\u00bb36px\u00bb header_2_font_size_phone=\u00bb\u00bb header_2_font_size_last_edited=\u00bbon|desktop\u00bb]<\/p>\n<h3><span style=\"text-decoration: underline; color: #00ff00;\"><strong>Nuestra propuesta evoluciona<\/strong><\/span><\/h3>\n<p>[\/et_pb_text][et_pb_divider color=\u00bb#29cb8b\u00bb divider_weight=\u00bb3px\u00bb _builder_version=\u00bb3.2&#8243; max_width=\u00bb50px\u00bb][\/et_pb_divider][et_pb_text _builder_version=\u00bb4.4.6&#8243; text_font=\u00bbPoppins||||||||\u00bb text_font_size=\u00bb16px\u00bb text_line_height=\u00bb1.8em\u00bb custom_padding=\u00bb||7px|||\u00bb]<\/p>\n<p>Hemos agregado a nuestro cat\u00e1logo el recorrido virtual enriquecido, fuera del universo de Google, ofreciendo a nuestros clientes la adici\u00f3n de una superposici\u00f3n (una superficie) colocada en la pantalla de forma transparente y encima del recorrido virtual para hacer de esta experiencia de navegaci\u00f3n una experiencia inmersiva e interactiva real con la adici\u00f3n de videos, im\u00e1genes, textos y archivos de sonido contenidos en los hotspots.<br \/>Esta superficie permite en su parte de back-office el dise\u00f1o de la visita para hacerla totalmente integrada en su empresa (marca, logo, carta gr\u00e1fica, etc.) y adem\u00e1s abre muchas funciones para gestionar la mejora de los resultados de b\u00fasqueda (SEO). y seguimiento de visitas.<br \/>En 2018 optamos por sumar a nuestro know-how digital la captura de im\u00e1genes 3D escaneadas en asociaci\u00f3n con el operador californiano Matterport, una start-up que 9 a\u00f1os m\u00e1s tarde se convirti\u00f3 en una empresa reconocida a nivel mundial y l\u00edder en el mercado tecnol\u00f3gico. De medios inmersivos. y cuya propuesta \u00fanica es la creaci\u00f3n de un modelo virtual tridimensional completo que cambia la forma en que las personas y las industrias interact\u00faan con los espacios f\u00edsicos.<\/p>\n<p>[\/et_pb_text][\/et_pb_column][et_pb_column type=\u00bb1_4&#8243; _builder_version=\u00bb3.25&#8243; custom_padding=\u00bb|||\u00bb custom_padding__hover=\u00bb|||\u00bb][et_pb_image src=\u00bbhttps:\/\/one-pixel-3d.com\/wp-content\/uploads\/2020\/05\/CONCESS.jpg\u00bb title_text=\u00bbCONCESS\u00bb url=\u00bbhttps:\/\/virtual-tour.one-pixel.fr\/Volvo-Anglet\/\u00bb url_new_window=\u00bbon\u00bb align_tablet=\u00bbcenter\u00bb align_phone=\u00bb\u00bb align_last_edited=\u00bbon|desktop\u00bb _builder_version=\u00bb4.9.1&#8243; max_width_tablet=\u00bb300px\u00bb max_width_phone=\u00bb\u00bb max_width_last_edited=\u00bbon|tablet\u00bb min_height=\u00bb183px\u00bb custom_margin=\u00bb23px|-40%|||false|false\u00bb custom_margin_tablet=\u00bb|0%||\u00bb custom_margin_phone=\u00bb\u00bb custom_margin_last_edited=\u00bbon|phone\u00bb custom_padding=\u00bb99px||43px|||\u00bb animation_style=\u00bbroll\u00bb animation_delay=\u00bb50ms\u00bb animation_intensity_roll=\u00bb15%\u00bb][\/et_pb_image][\/et_pb_column][\/et_pb_row][\/et_pb_section][et_pb_section fb_built=\u00bb1&#8243; custom_padding_last_edited=\u00bboff|desktop\u00bb admin_label=\u00bbAbout Section\u00bb _builder_version=\u00bb3.22&#8243; module_alignment=\u00bbright\u00bb custom_margin=\u00bb-65px|||||\u00bb custom_padding=\u00bb0px||0px||true|false\u00bb custom_padding_tablet=\u00bb||120px|\u00bb][et_pb_row column_structure=\u00bb1_3,1_3,1_3&#8243; _builder_version=\u00bb3.25&#8243; custom_padding=\u00bb||2px|||\u00bb][et_pb_column type=\u00bb1_3&#8243; _builder_version=\u00bb3.25&#8243; custom_padding=\u00bb|||\u00bb custom_padding__hover=\u00bb|||\u00bb][et_pb_text ul_type=\u00bbcircle\u00bb _builder_version=\u00bb4.4.6&#8243; text_font=\u00bbPoppins||||||||\u00bb text_font_size=\u00bb16px\u00bb text_line_height=\u00bb2em\u00bb ul_font=\u00bbPoppins||||||||\u00bb ul_line_height=\u00bb2em\u00bb header_font=\u00bb||||||||\u00bb header_3_font=\u00bbRaleway|700|||||||\u00bb header_3_font_size=\u00bb24px\u00bb header_3_line_height=\u00bb1.4em\u00bb header_4_font=\u00bb|700|||||||\u00bb header_4_font_size=\u00bb16px\u00bb header_4_line_height=\u00bb1.4em\u00bb max_width=\u00bb1202px\u00bb custom_margin=\u00bb|-261px|50px|||\u00bb custom_padding=\u00bb0px|0px||||\u00bb]<\/p>\n<p>Ofrezca acceso a las \u00faltimas innovaciones<br \/>One Pixel se compromete a brindarle acceso a las \u00faltimas innovaciones tecnol\u00f3gicas en torno a los recorridos virtuales.<br \/>M\u00e1s recientemente y siguiendo las solicitudes de nuestros clientes, estamos ofreciendo tomas din\u00e1micas con equipos de video que pueden grabar 360 \u00b0 con una definici\u00f3n de hasta 8K para garantizar la calidad y fluidez de las im\u00e1genes.<br \/>Desde principios de 2020, comercializamos un proceso de captura de im\u00e1genes a bordo de 360 \u200b\u200b\u00b0 que permite la geolocalizaci\u00f3n de su movimiento en im\u00e1genes. Street View privatizado y de mejor calidad, entregado con el mapa de geolocalizaci\u00f3n correspondiente a tu posicionamiento GPS durante el tiempo que dure la captura.<br \/>Podemos trazar un mapa de su entorno donde sea que Google no vaya, senderos para bicicletas, v\u00edas fluviales, pistas de esqu\u00ed, propiedades privadas, terrenos abandonados, bases militares, etc. Estas im\u00e1genes se utilizan luego en modo privado y tambi\u00e9n se pueden descargar en los mapas de Google mediante un proceso automatizado.<\/p>\n<p>[\/et_pb_text][\/et_pb_column][et_pb_column type=\u00bb1_3&#8243; _builder_version=\u00bb3.25&#8243; custom_padding=\u00bb|||\u00bb custom_padding__hover=\u00bb|||\u00bb][et_pb_image src=\u00bbhttps:\/\/one-pixel-3d.com\/wp-content\/uploads\/2020\/05\/video360-solution2.jpg\u00bb title_text=\u00bbvideo360-solution2&#8243; _builder_version=\u00bb4.4.6&#8243; custom_margin=\u00bb|-385px||||\u00bb custom_padding=\u00bb6px|||352px||\u00bb][\/et_pb_image][\/et_pb_column][et_pb_column type=\u00bb1_3&#8243; _builder_version=\u00bb4.9.4&#8243; _module_preset=\u00bbdefault\u00bb][\/et_pb_column][\/et_pb_row][et_pb_row column_structure=\u00bb2_3,1_3&#8243; _builder_version=\u00bb3.25&#8243;][et_pb_column type=\u00bb2_3&#8243; _builder_version=\u00bb3.25&#8243; custom_padding=\u00bb|||\u00bb custom_padding__hover=\u00bb|||\u00bb][et_pb_text ul_type=\u00bbcircle\u00bb _builder_version=\u00bb4.4.6&#8243; text_font=\u00bbPoppins||||||||\u00bb text_font_size=\u00bb16px\u00bb text_line_height=\u00bb2em\u00bb ul_font=\u00bbPoppins||||||||\u00bb ul_line_height=\u00bb2em\u00bb header_font=\u00bb||||||||\u00bb header_3_font=\u00bbRaleway|700|||||||\u00bb header_3_font_size=\u00bb24px\u00bb header_3_line_height=\u00bb1.4em\u00bb header_4_font=\u00bb|700|||||||\u00bb header_4_font_size=\u00bb16px\u00bb header_4_line_height=\u00bb1.4em\u00bb max_width=\u00bb750px\u00bb custom_margin=\u00bb15px||50px||false|false\u00bb]<\/p>\n<p>Asociaci\u00f3n y pasi\u00f3n por la imagen<br \/>Despu\u00e9s de trabajar en asociaci\u00f3n con 360-up, uno de los actores m\u00e1s importantes del marketing virtual en Alemania y el primer dise\u00f1ador y pionero del recorrido virtual, autor hasta la fecha de m\u00e1s de 500 recorridos virtuales, creamos One Pixel y elegimos alojar nuestra agencia en Puls\u00e9o en Dax.<br \/>Nuestro conocimiento t\u00e9cnico re\u00fane varios a\u00f1os de experiencia en muchos campos y nuevas tecnolog\u00edas: im\u00e1genes en 3D, recorrido virtual de 360 \u200b\u200b\u00b0, escaneo 3D, dise\u00f1o, video y fotograf\u00eda art\u00edstica y comercial.<\/p>\n<p>[\/et_pb_text][\/et_pb_column][et_pb_column type=\u00bb1_3&#8243; _builder_version=\u00bb3.25&#8243; custom_padding=\u00bb|||\u00bb custom_padding__hover=\u00bb|||\u00bb][et_pb_image src=\u00bbhttps:\/\/one-pixel-3d.com\/wp-content\/uploads\/2020\/05\/2020-05-22_15h32_44.png\u00bb title_text=\u00bb2020-05-22_15h32_44&#8243; show_in_lightbox=\u00bbon\u00bb _builder_version=\u00bb4.4.6&#8243; min_height=\u00bb183px\u00bb custom_margin=\u00bb12px|||||\u00bb custom_padding=\u00bb17px|||||\u00bb][\/et_pb_image][\/et_pb_column][\/et_pb_row][et_pb_row column_structure=\u00bb2_3,1_3&#8243; _builder_version=\u00bb4.4.6&#8243; custom_margin=\u00bb-16px||||false|false\u00bb][et_pb_column type=\u00bb2_3&#8243; _builder_version=\u00bb3.25&#8243; custom_padding=\u00bb|||\u00bb custom_padding__hover=\u00bb|||\u00bb][et_pb_text ul_type=\u00bbcircle\u00bb _builder_version=\u00bb4.9.1&#8243; text_font=\u00bbPoppins||||||||\u00bb text_font_size=\u00bb16px\u00bb text_line_height=\u00bb2em\u00bb ul_font=\u00bbPoppins||||||||\u00bb ul_line_height=\u00bb2em\u00bb header_font=\u00bb||||||||\u00bb header_3_font=\u00bbRaleway|700|||||||\u00bb header_3_font_size=\u00bb24px\u00bb header_3_line_height=\u00bb1.4em\u00bb header_4_font=\u00bb|700|||||||\u00bb header_4_font_size=\u00bb16px\u00bb header_4_line_height=\u00bb1.4em\u00bb max_width=\u00bb750px\u00bb custom_margin=\u00bb||-1px||false|false\u00bb custom_padding=\u00bb||0px|||\u00bb]<\/p>\n<h3>Cada cliente es \u00fanico<br \/>Siempre a la vanguardia de la tecnolog\u00eda, One Pixel se posiciona como un jugador que ofrece numerosos recursos en materia de comunicaci\u00f3n digital sobre el soporte de recorridos virtuales. Nuestras soluciones est\u00e1n formuladas de acuerdo a sus necesidades y respetando sus limitaciones y su estrategia de comunicaci\u00f3n.<br \/>Nuestras herramientas y equipos son profesionales y eficientes, a la vanguardia de la tecnolog\u00eda de im\u00e1genes digitales y nos permiten ofrecerle una experiencia de cliente \u00fanica, personalizada, interactiva e inmersiva.<\/h3>\n<p>[\/et_pb_text][\/et_pb_column][et_pb_column type=\u00bb1_3&#8243; _builder_version=\u00bb3.25&#8243; custom_padding=\u00bb|||\u00bb custom_padding__hover=\u00bb|||\u00bb][et_pb_image src=\u00bbhttps:\/\/one-pixel-3d.com\/wp-content\/uploads\/2020\/05\/matterport-solution.jpg\u00bb title_text=\u00bbmatterport-solution\u00bb show_in_lightbox=\u00bbon\u00bb _builder_version=\u00bb4.4.6&#8243; min_height=\u00bb479px\u00bb custom_padding=\u00bb14px|||||\u00bb][\/et_pb_image][et_pb_image src=\u00bbhttps:\/\/one-pixel-3d.com\/wp-content\/uploads\/2020\/06\/Signature2.png\u00bb title_text=\u00bbSignature2&#8243; _builder_version=\u00bb4.4.6&#8243; custom_margin=\u00bb-275px||75px|17px|false|false\u00bb custom_padding=\u00bb||0px||false|false\u00bb][\/et_pb_image][\/et_pb_column][\/et_pb_row][\/et_pb_section]<\/p>\n","protected":false},"excerpt":{"rendered":"<p><!-- ipanorama begin --><div class=\"ipanorama ipnrm-1\" data-json-src=\"https:\/\/one-pixel-3d.com\/es\/wp-json\/ipanorama\/v1\/item\/1\" data-item-id=\"1\" style=\"display:none;\"><div class=\"ipnrm-store\" style=\"display:none;\">\n<div class=\"ipnrm-scene\" data-scene-id=\"B69D541B9F\">\n<div class=\"ipnrm-markers-data\">\n<\/div>\n<div class=\"ipnrm-tooltips-data\">\n<\/div>\n<div class=\"ipnrm-popovers-data\">\n<\/div>\n<\/div>\n<\/div><\/div><!-- ipanorama end -->Una agencia digital dedicada al tour virtual 360\u00b0 en 3D con su marca &nbsp;One Pixel es la agencia especializada en la realizaci\u00f3n de recorridos virtuales inmersivos. Acreditados por Google desde 2017 como fot\u00f3grafos certificados, comenzamos produciendo los recorridos virtuales de Google Street View que publicamos regularmente para nuestros clientes en su lista de empresas [&hellip;]<\/p>\n","protected":false},"author":1,"featured_media":0,"parent":0,"menu_order":0,"comment_status":"closed","ping_status":"closed","template":"","meta":{"_et_pb_use_builder":"on","_et_pb_old_content":"","_et_gb_content_width":"","cybocfi_hide_featured_image":"","footnotes":""},"class_list":["post-4623","page","type-page","status-publish","hentry"],"_links":{"self":[{"href":"https:\/\/one-pixel-3d.com\/es\/wp-json\/wp\/v2\/pages\/4623","targetHints":{"allow":["GET"]}}],"collection":[{"href":"https:\/\/one-pixel-3d.com\/es\/wp-json\/wp\/v2\/pages"}],"about":[{"href":"https:\/\/one-pixel-3d.com\/es\/wp-json\/wp\/v2\/types\/page"}],"author":[{"embeddable":true,"href":"https:\/\/one-pixel-3d.com\/es\/wp-json\/wp\/v2\/users\/1"}],"replies":[{"embeddable":true,"href":"https:\/\/one-pixel-3d.com\/es\/wp-json\/wp\/v2\/comments?post=4623"}],"version-history":[{"count":106,"href":"https:\/\/one-pixel-3d.com\/es\/wp-json\/wp\/v2\/pages\/4623\/revisions"}],"predecessor-version":[{"id":7965,"href":"https:\/\/one-pixel-3d.com\/es\/wp-json\/wp\/v2\/pages\/4623\/revisions\/7965"}],"wp:attachment":[{"href":"https:\/\/one-pixel-3d.com\/es\/wp-json\/wp\/v2\/media?parent=4623"}],"curies":[{"name":"wp","href":"https:\/\/api.w.org\/{rel}","templated":true}]}}